{"id":4468,"date":"2025-03-02T09:15:19","date_gmt":"2025-03-02T08:15:19","guid":{"rendered":"https:\/\/waeller-vom-birkenhain.de\/?page_id=4468"},"modified":"2025-03-11T21:37:51","modified_gmt":"2025-03-11T20:37:51","slug":"ueber-vace","status":"publish","type":"page","link":"https:\/\/waeller-vom-birkenhain.de\/?page_id=4468","title":{"rendered":"\u00dcber Vace"},"content":{"rendered":"<p>Und wer ist jetzt Vace?<\/p>\n<p>Vace ist eine H\u00fcndin aus unserer eigenen Zuchtst\u00e4tte.<br \/>\nIhre Eltern sind<br \/>\n&#8211; Pauli vom Birkenhain und<br \/>\n&#8211; Baxter vom Leineweber, ein Briard<br \/>\nSie ist mit ihren sieben Geschwistern am 8.07.2021 geboren.<br \/>\nDie Zuchtzulassung hat sie in Roden\u00e4s am 7.10.2023 erhalten, mit der Beurteilung:<\/p>\n<p>arbeitseifrige, agile H\u00fcndin mit sehr gutem Gehorsam. Die enge Bindung zu ihrer Besitzerin erleichtert ihr die Unsicherheit in bedr\u00e4ngten Situationen. Ihre zur\u00fcckhaltende Art erkl\u00e4rt sich durch ihre Arbeit im Seniorenheim, wo dieses Verhalten erw\u00fcnscht ist und best\u00e4tigt wird.<br \/>\nHohe Spielfreude und sehr gute Motivierbarkeit.<\/p>\n<p>Sie ist eine harmonisch gebaute, grazile H\u00fcndin mit lockeren, leichtf\u00fc\u00dfigen Bewegungen und perfekter Fellqualit\u00e4t. Sie hinterl\u00e4sst einen sehr guten Gesamteindruck.<\/p>\n<p>&nbsp;<\/p>\n<p>&nbsp;<\/p>\n","protected":false},"excerpt":{"rendered":"<p>Und wer ist jetzt Vace? Vace ist eine H\u00fcndin aus unserer eigenen Zuchtst\u00e4tte. Ihre Eltern sind &#8211; Pauli vom Birkenhain und &#8211; Baxter vom Leineweber, ein Briard Sie ist mit ihren sieben Geschwistern am 8.07.2021 geboren. Die Zuchtzulassung hat sie in Roden\u00e4s am 7.10.2023 erhalten, mit der Beurteilung: arbeitseifrige, agile H\u00fcndin mit sehr gutem Gehorsam. &hellip; <a href=\"https:\/\/waeller-vom-birkenhain.de\/?page_id=4468\" class=\"more-link\"><span class=\"screen-reader-text\">\u00dcber Vace<\/span> weiterlesen<\/a><\/p>\n","protected":false},"author":2,"featured_media":0,"parent":0,"menu_order":0,"comment_status":"closed","ping_status":"closed","template":"","meta":{"footnotes":""},"class_list":["post-4468","page","type-page","status-publish","hentry"],"_links":{"self":[{"href":"https:\/\/waeller-vom-birkenhain.de\/index.php?rest_route=\/wp\/v2\/pages\/4468","targetHints":{"allow":["GET"]}}],"collection":[{"href":"https:\/\/waeller-vom-birkenhain.de\/index.php?rest_route=\/wp\/v2\/pages"}],"about":[{"href":"https:\/\/waeller-vom-birkenhain.de\/index.php?rest_route=\/wp\/v2\/types\/page"}],"author":[{"embeddable":true,"href":"https:\/\/waeller-vom-birkenhain.de\/index.php?rest_route=\/wp\/v2\/users\/2"}],"replies":[{"embeddable":true,"href":"https:\/\/waeller-vom-birkenhain.de\/index.php?rest_route=%2Fwp%2Fv2%2Fcomments&post=4468"}],"version-history":[{"count":2,"href":"https:\/\/waeller-vom-birkenhain.de\/index.php?rest_route=\/wp\/v2\/pages\/4468\/revisions"}],"predecessor-version":[{"id":4479,"href":"https:\/\/waeller-vom-birkenhain.de\/index.php?rest_route=\/wp\/v2\/pages\/4468\/revisions\/4479"}],"wp:attachment":[{"href":"https:\/\/waeller-vom-birkenhain.de\/index.php?rest_route=%2Fwp%2Fv2%2Fmedia&parent=4468"}],"curies":[{"name":"wp","href":"https:\/\/api.w.org\/{rel}","templated":true}]}}