{"id":39,"date":"2015-03-05T15:03:20","date_gmt":"2015-03-05T14:03:20","guid":{"rendered":"http:\/\/waeller-vom-birkenhain.de\/?page_id=39"},"modified":"2026-04-02T08:11:13","modified_gmt":"2026-04-02T06:11:13","slug":"startseite","status":"publish","type":"page","link":"https:\/\/waeller-vom-birkenhain.de\/","title":{"rendered":"W\u00e4ller vom Birkenhain"},"content":{"rendered":"<p style=\"text-align: right;\"><a href=\"http:\/\/waeller-vom-birkenhain.de\/wp-content\/uploads\/2019\/03\/Waeller_Logo_schwarz_transparent.png\"><img loading=\"lazy\" decoding=\"async\" class=\"wp-image-2593 alignleft\" src=\"http:\/\/waeller-vom-birkenhain.de\/wp-content\/uploads\/2019\/03\/Waeller_Logo_schwarz_transparent-300x186.png\" alt=\"\" width=\"311\" height=\"193\" srcset=\"https:\/\/waeller-vom-birkenhain.de\/wp-content\/uploads\/2019\/03\/Waeller_Logo_schwarz_transparent-300x186.png 300w, https:\/\/waeller-vom-birkenhain.de\/wp-content\/uploads\/2019\/03\/Waeller_Logo_schwarz_transparent-768x477.png 768w, https:\/\/waeller-vom-birkenhain.de\/wp-content\/uploads\/2019\/03\/Waeller_Logo_schwarz_transparent-1024x636.png 1024w, https:\/\/waeller-vom-birkenhain.de\/wp-content\/uploads\/2019\/03\/Waeller_Logo_schwarz_transparent-825x510.png 825w\" sizes=\"auto, (max-width: 311px) 100vw, 311px\" \/><\/a><br \/>\nHier immer das aktuelle<br \/>\nFoto des Monats<\/p>\n<figure id=\"attachment_4626\" aria-describedby=\"caption-attachment-4626\" style=\"width: 150px\" class=\"wp-caption alignright\"><a href=\"https:\/\/waeller-vom-birkenhain.de\/wp-content\/uploads\/2026\/03\/IMG-20260327-WA0006-e1775027700188.jpg\"><img loading=\"lazy\" decoding=\"async\" class=\"wp-image-4626 size-thumbnail\" src=\"https:\/\/waeller-vom-birkenhain.de\/wp-content\/uploads\/2026\/03\/IMG-20260327-WA0006-e1775027700188-150x150.jpg\" alt=\"April 2026: Walker\" width=\"150\" height=\"150\" \/><\/a><figcaption id=\"caption-attachment-4626\" class=\"wp-caption-text\">April: Walker<\/figcaption><\/figure>\n<p>&nbsp;<\/p>\n<p>&nbsp;<\/p>\n<p>&nbsp;<\/p>\n<p>&nbsp;<\/p>\n<p><strong><span style=\"color: #ff0000;\">Wurfplanung 2026:<br \/>\n<\/span>Es gibt nach sehr langer Wartezeit endlich gute Neuigkeiten.<br \/>\nVace ist tr\u00e4chtig<br \/>\nWenn jetzt nichts mehr schief geht, erwarten wir die kleinen Fellnasen um den 10.05.26<\/p>\n<p><\/strong><\/p>\n<p><!--more--><a href=\"https:\/\/waeller-vom-birkenhain.de\/wp-content\/uploads\/2026\/03\/20260310_212615-scaled.jpg\"><img loading=\"lazy\" decoding=\"async\" class=\"alignleft wp-image-4616 size-medium\" src=\"https:\/\/waeller-vom-birkenhain.de\/wp-content\/uploads\/2026\/03\/20260310_212615-169x300.jpg\" alt=\"\" width=\"169\" height=\"300\" srcset=\"https:\/\/waeller-vom-birkenhain.de\/wp-content\/uploads\/2026\/03\/20260310_212615-169x300.jpg 169w, https:\/\/waeller-vom-birkenhain.de\/wp-content\/uploads\/2026\/03\/20260310_212615-576x1024.jpg 576w, https:\/\/waeller-vom-birkenhain.de\/wp-content\/uploads\/2026\/03\/20260310_212615-768x1365.jpg 768w, https:\/\/waeller-vom-birkenhain.de\/wp-content\/uploads\/2026\/03\/20260310_212615-864x1536.jpg 864w, https:\/\/waeller-vom-birkenhain.de\/wp-content\/uploads\/2026\/03\/20260310_212615-1152x2048.jpg 1152w, https:\/\/waeller-vom-birkenhain.de\/wp-content\/uploads\/2026\/03\/20260310_212615-scaled.jpg 1440w\" sizes=\"auto, (max-width: 169px) 100vw, 169px\" \/><\/a>Am 8.03.2026 war es endlich soweit und wir haben uns auf den Weg zu Vace Auserw\u00e4hltem gemacht.<br \/>\nDie zwei haben sich sofort gut verstanden und Titus hat Vace ohne Probleme gedeckt.<br \/>\nAnfang April (nach Ultraschall) wissen wir ob es geklappt hat und ab Anfang Mai wieder kleine Fellnasen\u00a0 unser Leben am Birkenhain bereichern werden<\/p>\n<p>&nbsp;<\/p>\n<p>&nbsp;<\/p>\n<p>Da der Winter noch einmal zur\u00fcckgekehrt ist, hier noch eine Winter &#8211; Galerie<br \/>\n<a href=\"https:\/\/waeller-vom-birkenhain.de\/wp-content\/uploads\/2026\/01\/galerie_winter_2026.jpg\"><img loading=\"lazy\" decoding=\"async\" class=\"aligncenter wp-image-4595 size-large\" src=\"https:\/\/waeller-vom-birkenhain.de\/wp-content\/uploads\/2026\/01\/galerie_winter_2026-1024x1024.jpg\" alt=\"Birkenhainer Winter-W\u00e4ller\" width=\"660\" height=\"660\" srcset=\"https:\/\/waeller-vom-birkenhain.de\/wp-content\/uploads\/2026\/01\/galerie_winter_2026-1024x1024.jpg 1024w, https:\/\/waeller-vom-birkenhain.de\/wp-content\/uploads\/2026\/01\/galerie_winter_2026-300x300.jpg 300w, https:\/\/waeller-vom-birkenhain.de\/wp-content\/uploads\/2026\/01\/galerie_winter_2026-150x150.jpg 150w, https:\/\/waeller-vom-birkenhain.de\/wp-content\/uploads\/2026\/01\/galerie_winter_2026-768x768.jpg 768w, https:\/\/waeller-vom-birkenhain.de\/wp-content\/uploads\/2026\/01\/galerie_winter_2026-1536x1536.jpg 1536w, https:\/\/waeller-vom-birkenhain.de\/wp-content\/uploads\/2026\/01\/galerie_winter_2026.jpg 2048w\" sizes=\"auto, (max-width: 660px) 100vw, 660px\" \/><\/a><\/p>\n<p><a href=\"https:\/\/waeller-vom-birkenhain.de\/wp-content\/uploads\/2026\/01\/IMG-20260101-WA0012.jpg\"><img loading=\"lazy\" decoding=\"async\" class=\"size-medium wp-image-4580 alignleft\" src=\"https:\/\/waeller-vom-birkenhain.de\/wp-content\/uploads\/2026\/01\/IMG-20260101-WA0012-189x300.jpg\" alt=\"\" width=\"189\" height=\"300\" srcset=\"https:\/\/waeller-vom-birkenhain.de\/wp-content\/uploads\/2026\/01\/IMG-20260101-WA0012-189x300.jpg 189w, https:\/\/waeller-vom-birkenhain.de\/wp-content\/uploads\/2026\/01\/IMG-20260101-WA0012-768x1220.jpg 768w, https:\/\/waeller-vom-birkenhain.de\/wp-content\/uploads\/2026\/01\/IMG-20260101-WA0012-644x1024.jpg 644w, https:\/\/waeller-vom-birkenhain.de\/wp-content\/uploads\/2026\/01\/IMG-20260101-WA0012.jpg 1075w\" sizes=\"auto, (max-width: 189px) 100vw, 189px\" \/><span style=\"color: #003300;\"><strong>Willkommen in 2026 auf unserer homepage:<\/strong><\/span><\/a><br \/>\nDer Beginn eines neues Jahres ist wie der Start eines neuen Buches &#8211; f\u00fcllt die Seiten mit Abenteuern, Tr\u00e4umen und Erfolgen, die drauf warten, geschrieben zu werden.<br \/>\nFangt an das Jahr zu einem Fest zu machen &#8211; , genie\u00dft das Leben, glaubt an Wunder, Liebe und Gl\u00fcck.<br \/>\nSchaut stets nach vorn und nicht zur\u00fcck.<br \/>\nAuf ein Neues<\/p>\n<p>&nbsp;<\/p>\n<p><span style=\"color: #008000;\">Wir w\u00fcnschen allen &#8222;Birkenhainern&#8220;, denen, die es noch werden m\u00f6chten und allen Besuchern unserer homepage frohe Weihnachten und alles Gute f\u00fcr das neue Jahr<\/span><br \/>\n<a style=\"color: #ff0000;\" href=\"https:\/\/waeller-vom-birkenhain.de\/wp-content\/uploads\/2025\/12\/IMG-20251208-WA0013.jpg\"><img loading=\"lazy\" decoding=\"async\" class=\"aligncenter wp-image-4574\" src=\"https:\/\/waeller-vom-birkenhain.de\/wp-content\/uploads\/2025\/12\/IMG-20251208-WA0013-212x300.jpg\" alt=\"\" width=\"283\" height=\"400\" srcset=\"https:\/\/waeller-vom-birkenhain.de\/wp-content\/uploads\/2025\/12\/IMG-20251208-WA0013-212x300.jpg 212w, https:\/\/waeller-vom-birkenhain.de\/wp-content\/uploads\/2025\/12\/IMG-20251208-WA0013-768x1086.jpg 768w, https:\/\/waeller-vom-birkenhain.de\/wp-content\/uploads\/2025\/12\/IMG-20251208-WA0013-724x1024.jpg 724w, https:\/\/waeller-vom-birkenhain.de\/wp-content\/uploads\/2025\/12\/IMG-20251208-WA0013.jpg 1131w\" sizes=\"auto, (max-width: 283px) 100vw, 283px\" \/><\/a><\/p>\n<p><span style=\"color: #ff0000;\">Wurfplanung: Winter\/Fr\u00fchjahr 2026<\/span><\/p>\n<p>Dezember 2025: Dieses Mal l\u00e4sst sich Vace sehr viel Zeit, vielleicht m\u00f6chte sie ihre Welpen nicht im tiefsten Winter zur Welt bringen&#8230;<br \/>\nSobald es etwas Neues gibt, werde ich es hier ver\u00f6ffentlichen &#8211; bis dahin bleibt leider nur abzuwarten<\/p>\n<p>Eine neue Galerie: danke f\u00fcr die vielen sch\u00f6nen Fotos aus den unterschiedlichsten Urlaubsorten und &#8211; zeiten<\/p>\n<p>Es ist mal wieder eine sch\u00f6ne bunte Mischung<br \/>\n<a href=\"https:\/\/waeller-vom-birkenhain.de\/wp-content\/uploads\/2025\/10\/galerie_urlaub_2025.jpg\"><img loading=\"lazy\" decoding=\"async\" class=\"aligncenter wp-image-4552 size-large\" src=\"https:\/\/waeller-vom-birkenhain.de\/wp-content\/uploads\/2025\/10\/galerie_urlaub_2025-1024x1024.jpg\" alt=\"\" width=\"660\" height=\"660\" srcset=\"https:\/\/waeller-vom-birkenhain.de\/wp-content\/uploads\/2025\/10\/galerie_urlaub_2025-1024x1024.jpg 1024w, https:\/\/waeller-vom-birkenhain.de\/wp-content\/uploads\/2025\/10\/galerie_urlaub_2025-150x150.jpg 150w, https:\/\/waeller-vom-birkenhain.de\/wp-content\/uploads\/2025\/10\/galerie_urlaub_2025-300x300.jpg 300w, https:\/\/waeller-vom-birkenhain.de\/wp-content\/uploads\/2025\/10\/galerie_urlaub_2025-768x768.jpg 768w, https:\/\/waeller-vom-birkenhain.de\/wp-content\/uploads\/2025\/10\/galerie_urlaub_2025.jpg 2048w\" sizes=\"auto, (max-width: 660px) 100vw, 660px\" \/><\/a><\/p>\n<p>&nbsp;<\/p>\n<p>&nbsp;<\/p>\n<p><strong>F\u00fcr eine Freundin<\/strong><br \/>\n<b>Von A &#8211; Z:\u00a0 26 Jahre W\u00e4llerzucht in der Villa Kunterbunt<\/b><\/p>\n<p><span style=\"font-weight: 400;\">Ich finde, dass ist doch mal ein dickes Dankesch\u00f6n wert!!!<\/span><\/p>\n<p><span style=\"font-weight: 400;\">Claudia Niehaus, Z\u00fcchterin der Villa Kunterbunt, betreibt seit fast 26 Jahren &#8211; also einmal das ganze Alphabet durch &#8211;\u00a0 in ihrer Zuchtst\u00e4tte wertvolle Arbeit im W\u00e4llerclub.<\/span><\/p>\n<p><span style=\"font-weight: 400;\">Sie ist all die Jahre eine best\u00e4ndige, zuverl\u00e4ssige und mittlerweile auch sehr erfahrene Z\u00fcchterin, die unz\u00e4hlige tolle Welpen in sehr viele Familien entlassen hat. Ich hatte selber leider nie einen Hund aus ihrer Zuchtst\u00e4tte, aber der Vater meiner ersten W\u00e4llerh\u00fcndin \u201cJill vom Dallenberg\u201d war &#8222;Atze von der Villa Kunterbunt&#8220;, also ein R\u00fcde aus ihrem<br \/>\nersten Wurf. Irgendwie verbindet das \u2026<\/span><\/p>\n<p><span style=\"font-weight: 400;\">Liebe Claudia, ich bin sehr froh und dankbar, dich als eine Z\u00fcchter-<br \/>\nfreundin zu haben. Ich wei\u00df, dass ich dich immer um Rat bitten konnte und sicherlich auch weiterhin kann, wenn ich bei Themen um Geburt und Welpenaufzucht irgendwelche Fragen hatte.<\/span><\/p>\n<p><span style=\"font-weight: 400;\">Jetzt ist erstmal der letzte Welpe aus der Villa Kunterbunt ausgezogen. Ich hoffe und w\u00fcnsche mir aber sehr, dass du auch in Zukunft der<br \/>\nW\u00e4llerzucht erhalten bleibst und dass deine Zuchtst\u00e4tte weiterlebt.<br \/>\nW\u00e4llerzucht ohne die Villa Kunterbunt kann ich mir nicht vorstellen.<\/span><\/p>\n<p><span style=\"font-weight: 400;\">Das neue Alphabet beginnt in 2026\u2026\u00a0 \u00a0wer wei\u00df, welche Fellnasen bei dir im neu beginnenden Alphabet zur Welt kommen<\/span><\/p>\n<p><span style=\"font-weight: 400;\">Ganz herzliche Gr\u00fc\u00dfe vom Birkenhain &#8211; deine Freundin Elke<\/span><\/p>\n<p>Und danke an Monika f\u00fcr das Foto von allen Zuchth\u00fcndinnen der Villa Kunterbunt, als da sind von links nach rechts:<br \/>\nCuba; Jeannie-Motte, Pina, Emma-Susi, Cecilia-Lilly, Baggy-Ronja und Runa<br \/>\n<a href=\"https:\/\/waeller-vom-birkenhain.de\/wp-content\/uploads\/2025\/07\/IMG-20250721-WA0004.jpg\"><img loading=\"lazy\" decoding=\"async\" class=\"aligncenter wp-image-4518\" src=\"https:\/\/waeller-vom-birkenhain.de\/wp-content\/uploads\/2025\/07\/IMG-20250721-WA0004-1024x725.jpg\" alt=\"\" width=\"400\" height=\"283\" srcset=\"https:\/\/waeller-vom-birkenhain.de\/wp-content\/uploads\/2025\/07\/IMG-20250721-WA0004-1024x725.jpg 1024w, https:\/\/waeller-vom-birkenhain.de\/wp-content\/uploads\/2025\/07\/IMG-20250721-WA0004-300x212.jpg 300w, https:\/\/waeller-vom-birkenhain.de\/wp-content\/uploads\/2025\/07\/IMG-20250721-WA0004-768x543.jpg 768w, https:\/\/waeller-vom-birkenhain.de\/wp-content\/uploads\/2025\/07\/IMG-20250721-WA0004.jpg 1754w\" sizes=\"auto, (max-width: 400px) 100vw, 400px\" \/><\/a><\/p>\n<p>29.06.2025<br \/>\nEs war mal wieder ein traumhaft sch\u00f6ner Tag. Die W\u00e4ller Wanderungen in Haltern machen einfach Spa\u00df. Birgit und Martin haben haben eine sch\u00f6ne Runde im Wald ausgesucht, in der kleinen Pause standen Getr\u00e4nke f\u00fcr uns Zweibeiner und nat\u00fcrlich auch f\u00fcr unsere Hunde bereit. Da die Hunde alle sehr vertr\u00e4glich miteinander sind, konnten sie alle fast die ganze Zeit im Freilauf sein. F\u00fcr uns Zweibeiner ergaben sich viele M\u00f6glichkeiten, neue Leute kennen zu lernen und viele interessante Gespr\u00e4che zu f\u00fchren.<br \/>\nAm Ende der Wanderung haben wir uns alle zu einem Picknick getroffen.<\/p>\n<p><a href=\"https:\/\/waeller-vom-birkenhain.de\/wp-content\/uploads\/2025\/07\/IMG-20250629-WA00081.jpg\"><img loading=\"lazy\" decoding=\"async\" class=\"aligncenter wp-image-4514 size-large\" src=\"https:\/\/waeller-vom-birkenhain.de\/wp-content\/uploads\/2025\/07\/IMG-20250629-WA00081-1024x394.jpg\" alt=\"\" width=\"660\" height=\"254\" srcset=\"https:\/\/waeller-vom-birkenhain.de\/wp-content\/uploads\/2025\/07\/IMG-20250629-WA00081-1024x394.jpg 1024w, https:\/\/waeller-vom-birkenhain.de\/wp-content\/uploads\/2025\/07\/IMG-20250629-WA00081-300x115.jpg 300w, https:\/\/waeller-vom-birkenhain.de\/wp-content\/uploads\/2025\/07\/IMG-20250629-WA00081-768x295.jpg 768w, https:\/\/waeller-vom-birkenhain.de\/wp-content\/uploads\/2025\/07\/IMG-20250629-WA00081.jpg 1600w\" sizes=\"auto, (max-width: 660px) 100vw, 660px\" \/><\/a><\/p>\n<p>Herzlichen Dank an die Ausrichter &#8211; und ich freue mich schon auf das n\u00e4chste Treffen<\/p>\n<p>&nbsp;<\/p>\n<p>April 2025:<br \/>\nF\u00fcr die Galerie &#8222;Birkenhainer Portraits&#8220; habe ich mit zur Verf\u00fcgung stehende Fotos verwendet. Die Galerie ist bei weitem nicht vollst\u00e4ndig, zeigt aber doch die Vielfalt der Birkenhainer Fellnasen<\/p>\n<p><a href=\"https:\/\/waeller-vom-birkenhain.de\/wp-content\/uploads\/2025\/04\/Birkenhainer-Portraits.png\"><img loading=\"lazy\" decoding=\"async\" class=\"aligncenter wp-image-4488 size-large\" src=\"https:\/\/waeller-vom-birkenhain.de\/wp-content\/uploads\/2025\/04\/Birkenhainer-Portraits-1024x1024.png\" alt=\"\" width=\"660\" height=\"660\" srcset=\"https:\/\/waeller-vom-birkenhain.de\/wp-content\/uploads\/2025\/04\/Birkenhainer-Portraits-1024x1024.png 1024w, https:\/\/waeller-vom-birkenhain.de\/wp-content\/uploads\/2025\/04\/Birkenhainer-Portraits-150x150.png 150w, https:\/\/waeller-vom-birkenhain.de\/wp-content\/uploads\/2025\/04\/Birkenhainer-Portraits-300x300.png 300w, https:\/\/waeller-vom-birkenhain.de\/wp-content\/uploads\/2025\/04\/Birkenhainer-Portraits-768x768.png 768w, https:\/\/waeller-vom-birkenhain.de\/wp-content\/uploads\/2025\/04\/Birkenhainer-Portraits.png 2048w\" sizes=\"auto, (max-width: 660px) 100vw, 660px\" \/><\/a><\/p>\n<p>23.03.2025<br \/>\nBei aller sch\u00f6nstem Wetter haben sich ein paar Birkenhainer zu einer gemeinsamen Wanderung in Ratingen getroffen &#8211; was soll ich sagen: es war einfach mal wieder toll. Nette Gespr\u00e4che mit allen und entspannte Hunde<br \/>\nDanke f\u00fcr die Planung und hoffentlich bis bald beim n\u00e4chsten Birkenhainer Treffen<br \/>\n<a href=\"https:\/\/waeller-vom-birkenhain.de\/wp-content\/uploads\/2025\/03\/20250323_135532-2.jpg\"><img loading=\"lazy\" decoding=\"async\" class=\"aligncenter wp-image-4481 size-large\" src=\"https:\/\/waeller-vom-birkenhain.de\/wp-content\/uploads\/2025\/03\/20250323_135532-2-1024x389.jpg\" alt=\"\" width=\"660\" height=\"251\" srcset=\"https:\/\/waeller-vom-birkenhain.de\/wp-content\/uploads\/2025\/03\/20250323_135532-2-1024x389.jpg 1024w, https:\/\/waeller-vom-birkenhain.de\/wp-content\/uploads\/2025\/03\/20250323_135532-2-300x114.jpg 300w, https:\/\/waeller-vom-birkenhain.de\/wp-content\/uploads\/2025\/03\/20250323_135532-2-768x291.jpg 768w\" sizes=\"auto, (max-width: 660px) 100vw, 660px\" \/><\/a>Dabei waren dieses Mal Nica, Vace, Whisky, Qira und Ria mit ihren Zweibeinern<\/p>\n<p>Die erste Galerie in diesem Jahr hat das Thema: Birkenhainer im Schnee<br \/>\n<a href=\"https:\/\/waeller-vom-birkenhain.de\/wp-content\/uploads\/2025\/02\/galerie_winter_2025.jpg\"><img loading=\"lazy\" decoding=\"async\" class=\"aligncenter wp-image-4448 size-large\" src=\"https:\/\/waeller-vom-birkenhain.de\/wp-content\/uploads\/2025\/02\/galerie_winter_2025-1024x1024.jpg\" alt=\"\" width=\"660\" height=\"660\" srcset=\"https:\/\/waeller-vom-birkenhain.de\/wp-content\/uploads\/2025\/02\/galerie_winter_2025-1024x1024.jpg 1024w, https:\/\/waeller-vom-birkenhain.de\/wp-content\/uploads\/2025\/02\/galerie_winter_2025-150x150.jpg 150w, https:\/\/waeller-vom-birkenhain.de\/wp-content\/uploads\/2025\/02\/galerie_winter_2025-300x300.jpg 300w, https:\/\/waeller-vom-birkenhain.de\/wp-content\/uploads\/2025\/02\/galerie_winter_2025-768x768.jpg 768w, https:\/\/waeller-vom-birkenhain.de\/wp-content\/uploads\/2025\/02\/galerie_winter_2025.jpg 2048w\" sizes=\"auto, (max-width: 660px) 100vw, 660px\" \/><\/a><\/p>\n<p><span style=\"color: #333300;\"><span style=\"color: #008000;\"><a style=\"color: #008000;\" href=\"https:\/\/waeller-vom-birkenhain.de\/?page_id=2301\">&#8222;News&#8220;<\/a><\/span>: <\/span>Blindenf\u00fchrhund Nica &#8211; ich bin so stolz..<span style=\"color: #333300;\">.<\/span><\/p>\n<p>&nbsp;<\/p>\n<figure id=\"attachment_229\" aria-describedby=\"caption-attachment-229\" style=\"width: 330px\" class=\"wp-caption alignleft\"><a href=\"http:\/\/waeller-vom-birkenhain.de\/wp-content\/uploads\/2015\/03\/DSC_0075.jpg\"><img loading=\"lazy\" decoding=\"async\" class=\"wp-image-229\" src=\"http:\/\/waeller-vom-birkenhain.de\/wp-content\/uploads\/2015\/03\/DSC_0075-680x1024.jpg\" alt=\"\" width=\"330\" height=\"497\" srcset=\"https:\/\/waeller-vom-birkenhain.de\/wp-content\/uploads\/2015\/03\/DSC_0075-680x1024.jpg 680w, https:\/\/waeller-vom-birkenhain.de\/wp-content\/uploads\/2015\/03\/DSC_0075-199x300.jpg 199w, https:\/\/waeller-vom-birkenhain.de\/wp-content\/uploads\/2015\/03\/DSC_0075.jpg 1068w\" sizes=\"auto, (max-width: 330px) 100vw, 330px\" \/><\/a><figcaption id=\"caption-attachment-229\" class=\"wp-caption-text\">Jill<\/figcaption><\/figure>\n<p>F\u00fcr immer in unseren Herzen<\/p>\n<p>Jill ist am 7.07.2021 ganz friedlich in meinen Armen eingeschlafen. Wir sind dankbar f\u00fcr die Jahre mit diesem wunderbaren Hund und vermissen sie sehr.<br \/>\nSie lebt in ihren Nachkommen weiter<\/p>\n<p>Wenn ihr wissen wollt, wie viele Nachkommen es mittlerweile von Jill gibt, schaut doch <a href=\"http:\/\/waeller-vom-birkenhain.de\/?page_id=192\">hier<\/a> nach.<\/p>\n<p>&nbsp;<\/p>\n<p>&nbsp;<\/p>\n<p><span style=\"color: #333333; font-family: 'Noto Serif', serif; font-size: 17px;\">Unsere Nachzuchth\u00fcndin ist Jills Tochter Pauli vom Birkenhain. Sie ist eine sehr verspielte und lernbegierige H\u00fcndin und arbeitet mit unserer Tochter Kaja von Anfang an ebenfalls in unserer Sportart &#8222;Obedience&#8220;. Zwischendurch macht Kaja mit ihr just for fun ein wenig Agility und Flyball &#8211; egal was, sie ist f\u00fcr alles zu begeistern und hat auch schon viele sportliche Erfolge erzielt.<br \/>\nPauli hat im Februar 2020 und im Juli 2021 je 8 wunderbare Welpen geboren und im September mit 6 Welpen ihren letzten Wurf mit einer Ruhe, Gelassenheit und Souver\u00e4nit\u00e4t gro\u00dfgezogen, die wir ihr anfangs nicht zugetraut h\u00e4tten.<br \/>\nNach Auszug ihrer letzten Welpen geht auch sie als Zuchth\u00fcndin in den &#8222;Ruhestand&#8220; und darf, wenn alles gut geht, demn\u00e4chst als Oma Vace bei der Aufzucht ihrer Welpen unterst\u00fctzen.<br \/>\nWir freuen uns auf hoffentlich noch viele weitere Jahre mit diesem ganz besonderen Hund.<\/span><\/p>\n<p>&nbsp;<\/p>\n<figure id=\"attachment_2173\" aria-describedby=\"caption-attachment-2173\" style=\"width: 275px\" class=\"wp-caption aligncenter\"><a href=\"http:\/\/waeller-vom-birkenhain.de\/wp-content\/uploads\/2017\/06\/DSC_0304-e1520107409614.jpg\"><img loading=\"lazy\" decoding=\"async\" class=\"wp-image-2173 size-medium\" src=\"http:\/\/waeller-vom-birkenhain.de\/wp-content\/uploads\/2017\/06\/DSC_0304-e1520107409614-275x300.jpg\" alt=\"\" width=\"275\" height=\"300\" srcset=\"https:\/\/waeller-vom-birkenhain.de\/wp-content\/uploads\/2017\/06\/DSC_0304-e1520107409614-275x300.jpg 275w, https:\/\/waeller-vom-birkenhain.de\/wp-content\/uploads\/2017\/06\/DSC_0304-e1520107409614-768x837.jpg 768w, https:\/\/waeller-vom-birkenhain.de\/wp-content\/uploads\/2017\/06\/DSC_0304-e1520107409614-939x1024.jpg 939w, https:\/\/waeller-vom-birkenhain.de\/wp-content\/uploads\/2017\/06\/DSC_0304-e1520107409614.jpg 1961w\" sizes=\"auto, (max-width: 275px) 100vw, 275px\" \/><\/a><figcaption id=\"caption-attachment-2173\" class=\"wp-caption-text\">Pauli<\/figcaption><\/figure>\n<p>Dann m\u00f6chten wir vorstellen.<br \/>\nVace (gesprochen Face) vom Birkenhain, Paulis Tochter und Jills Enkeltochter, die ab sofort unsere Familie und auch ihre Mama auf Trab h\u00e4lt<\/p>\n<p><a href=\"https:\/\/waeller-vom-birkenhain.de\/wp-content\/uploads\/2024\/10\/20240923_162227.jpg\"><img loading=\"lazy\" decoding=\"async\" class=\"wp-image-4351 size-medium aligncenter\" src=\"https:\/\/waeller-vom-birkenhain.de\/wp-content\/uploads\/2024\/10\/20240923_162227-300x287.jpg\" alt=\"\" width=\"300\" height=\"287\" srcset=\"https:\/\/waeller-vom-birkenhain.de\/wp-content\/uploads\/2024\/10\/20240923_162227-300x287.jpg 300w, https:\/\/waeller-vom-birkenhain.de\/wp-content\/uploads\/2024\/10\/20240923_162227-768x736.jpg 768w, https:\/\/waeller-vom-birkenhain.de\/wp-content\/uploads\/2024\/10\/20240923_162227-1024x981.jpg 1024w, https:\/\/waeller-vom-birkenhain.de\/wp-content\/uploads\/2024\/10\/20240923_162227.jpg 1549w\" sizes=\"auto, (max-width: 300px) 100vw, 300px\" \/><\/a><\/p>\n<p><span style=\"color: #333333; font-family: 'Noto Serif', serif; font-size: 17px;\">\u00a0<\/span><\/p>\n<p>&nbsp;<\/p>\n<p>&nbsp;<\/p>\n<p>&nbsp;<\/p>\n<p>&nbsp;<\/p>\n<p>&nbsp;<\/p>\n<p>&nbsp;<\/p>\n<p>&nbsp;<\/p>\n","protected":false},"excerpt":{"rendered":"<p>Hier immer das aktuelle Foto des Monats &nbsp; &nbsp; &nbsp; &nbsp; Wurfplanung 2026: Es gibt nach sehr langer Wartezeit endlich gute Neuigkeiten. Vace ist tr\u00e4chtig Wenn jetzt nichts mehr schief geht, erwarten wir die kleinen Fellnasen um den 10.05.26<\/p>\n","protected":false},"author":1,"featured_media":0,"parent":0,"menu_order":0,"comment_status":"closed","ping_status":"open","template":"","meta":{"footnotes":""},"class_list":["post-39","page","type-page","status-publish","hentry"],"_links":{"self":[{"href":"https:\/\/waeller-vom-birkenhain.de\/index.php?rest_route=\/wp\/v2\/pages\/39","targetHints":{"allow":["GET"]}}],"collection":[{"href":"https:\/\/waeller-vom-birkenhain.de\/index.php?rest_route=\/wp\/v2\/pages"}],"about":[{"href":"https:\/\/waeller-vom-birkenhain.de\/index.php?rest_route=\/wp\/v2\/types\/page"}],"author":[{"embeddable":true,"href":"https:\/\/waeller-vom-birkenhain.de\/index.php?rest_route=\/wp\/v2\/users\/1"}],"replies":[{"embeddable":true,"href":"https:\/\/waeller-vom-birkenhain.de\/index.php?rest_route=%2Fwp%2Fv2%2Fcomments&post=39"}],"version-history":[{"count":426,"href":"https:\/\/waeller-vom-birkenhain.de\/index.php?rest_route=\/wp\/v2\/pages\/39\/revisions"}],"predecessor-version":[{"id":4634,"href":"https:\/\/waeller-vom-birkenhain.de\/index.php?rest_route=\/wp\/v2\/pages\/39\/revisions\/4634"}],"wp:attachment":[{"href":"https:\/\/waeller-vom-birkenhain.de\/index.php?rest_route=%2Fwp%2Fv2%2Fmedia&parent=39"}],"curies":[{"name":"wp","href":"https:\/\/api.w.org\/{rel}","templated":true}]}}