{"id":192,"date":"2015-03-05T17:07:17","date_gmt":"2015-03-05T16:07:17","guid":{"rendered":"http:\/\/waeller-vom-birkenhain.de\/?page_id=192"},"modified":"2025-03-02T09:40:48","modified_gmt":"2025-03-02T08:40:48","slug":"ueber-jill","status":"publish","type":"page","link":"https:\/\/waeller-vom-birkenhain.de\/?page_id=192","title":{"rendered":"\u00dcber Jill"},"content":{"rendered":"<p>Wer ist eigentlich Jill?<\/p>\n<p>Meine Eltern sind:<br \/>\nGladys von der Villa Gr\u00fcn und Atze von der Villa Kunterbunt<\/p>\n<p>wir (meine 5 Geschwister und ich) sind der J-Wurf vom Dallenberg<\/p>\n<p>und das bin ich<\/p>\n<p><strong>Jill vom Dallenberg<br \/>\n<\/strong>geb. am 12.04.2009 in W\u00fcrzburg<br \/>\nschwarz mit wei\u00dfen Abzeichen<br \/>\nGr\u00f6\u00dfe 52 cm<br \/>\nGewicht 20 kg<br \/>\nHD \u2013 Befund:\u00a0\u00a0 B<br \/>\nAugenbefund : ok<br \/>\nKatarakt: frei<br \/>\nMDR1:\u00a0 (+\/+)<\/p>\n<p>Zuchtzulassung. 02.04.2011 in Limburg<\/p>\n<p>Beurteilung der ZZL:\u00a0 zierlicher Typ mit fl\u00fcssigem Bewegungsablauf. Rundum freundliche aufgeschlossene H\u00fcndin mit Top \u2013 Gehorsam und allen positiven Eigenschaften eines typischen W\u00e4llers<\/p>\n<p>&nbsp;<\/p>\n<p><span style=\"color: #008000;\">Mein erster Wurf:<\/span><br \/>\nder M-Wurf vom Birkenhain<br \/>\n<span style=\"line-height: 1.6471;\">Mathis, Mikey, Moody-Mischka, Mocca, Milka, Otto-Monty,Motte, Maggy-Frida, Matze, Mars und Mia, die leider kurz nach der Geburt verstorben ist.<\/span><\/p>\n<p><a href=\"http:\/\/waeller-vom-birkenhain.de\/wp-content\/uploads\/2015\/03\/jill.jpg\"><img loading=\"lazy\" decoding=\"async\" class=\"alignnone size-medium wp-image-193\" src=\"http:\/\/waeller-vom-birkenhain.de\/wp-content\/uploads\/2015\/03\/jill-300x201.jpg\" alt=\"jill\" width=\"300\" height=\"201\" srcset=\"https:\/\/waeller-vom-birkenhain.de\/wp-content\/uploads\/2015\/03\/jill-300x201.jpg 300w, https:\/\/waeller-vom-birkenhain.de\/wp-content\/uploads\/2015\/03\/jill-1024x685.jpg 1024w\" sizes=\"auto, (max-width: 300px) 100vw, 300px\" \/><br \/>\n<\/a><br \/>\n<span style=\"color: #008000;\">Mein zweiter Wurf:<\/span><br \/>\nder N-Wurf vom Birkenhain<br \/>\n<span style=\"line-height: 1.6471;\">Nemo-Max, Nayla, Nanook, Nike, Nicki-Pepper, Nugget, Nevil-Noodles, Nala-Kazoo, Nancy, Noccia-Lotte<br \/>\n<\/span>leider ist Nayla im Alter von 1,5 Jahren t\u00f6dlich verungl\u00fcckt<\/p>\n<p><a href=\"http:\/\/waeller-vom-birkenhain.de\/wp-content\/uploads\/2015\/03\/N-Wurf-28.03.-001.jpeg\"><img loading=\"lazy\" decoding=\"async\" class=\"size-medium wp-image-241 alignleft\" src=\"http:\/\/waeller-vom-birkenhain.de\/wp-content\/uploads\/2015\/03\/N-Wurf-28.03.-001-300x201.jpeg\" alt=\"SONY DSC\" width=\"300\" height=\"201\" srcset=\"https:\/\/waeller-vom-birkenhain.de\/wp-content\/uploads\/2015\/03\/N-Wurf-28.03.-001-300x201.jpeg 300w, https:\/\/waeller-vom-birkenhain.de\/wp-content\/uploads\/2015\/03\/N-Wurf-28.03.-001-1024x685.jpeg 1024w\" sizes=\"auto, (max-width: 300px) 100vw, 300px\" \/><\/a><\/p>\n<p>&nbsp;<\/p>\n<p>&nbsp;<\/p>\n<p>&nbsp;<\/p>\n<p>&nbsp;<\/p>\n<p><span style=\"color: #008000;\">Mein dritter Wurf:<\/span><br \/>\nder P-Wurf vom Birkenhain<br \/>\nPacco, Percy, Pete-Junior, Pepe, Piper, Pjero-Watson, Pamina, Pauli, Pepper, Peaches , Pearl-Pina<\/p>\n<p><a href=\"http:\/\/waeller-vom-birkenhain.de\/wp-content\/uploads\/2016\/09\/Juni-16-3-e1474280153934.jpg\"><img loading=\"lazy\" decoding=\"async\" class=\"alignnone wp-image-1660 size-medium\" src=\"http:\/\/waeller-vom-birkenhain.de\/wp-content\/uploads\/2016\/09\/Juni-16-3-e1474280153934-300x261.jpg\" width=\"300\" height=\"261\" srcset=\"https:\/\/waeller-vom-birkenhain.de\/wp-content\/uploads\/2016\/09\/Juni-16-3-e1474280153934-300x261.jpg 300w, https:\/\/waeller-vom-birkenhain.de\/wp-content\/uploads\/2016\/09\/Juni-16-3-e1474280153934-768x668.jpg 768w, https:\/\/waeller-vom-birkenhain.de\/wp-content\/uploads\/2016\/09\/Juni-16-3-e1474280153934-1024x891.jpg 1024w, https:\/\/waeller-vom-birkenhain.de\/wp-content\/uploads\/2016\/09\/Juni-16-3-e1474280153934.jpg 1200w\" sizes=\"auto, (max-width: 300px) 100vw, 300px\" \/><\/a><\/p>\n<p><span style=\"color: #008000;\">Mein vierter Wurf:<\/span><br \/>\nder Q-Wurf vom Birkenhain<br \/>\nQasi, Qalina-Wally, Qurrie, Qora-Zora, Queeny, Qinta, Qira, Quaigon, Quincy, Quidditsch, Quba-Nera<br \/>\n<a href=\"http:\/\/waeller-vom-birkenhain.de\/wp-content\/uploads\/2017\/02\/Tag55-13.jpg\"><img loading=\"lazy\" decoding=\"async\" class=\"alignnone size-medium wp-image-2075\" src=\"http:\/\/waeller-vom-birkenhain.de\/wp-content\/uploads\/2017\/02\/Tag55-13-300x201.jpg\" alt=\"\" width=\"300\" height=\"201\" srcset=\"https:\/\/waeller-vom-birkenhain.de\/wp-content\/uploads\/2017\/02\/Tag55-13-300x201.jpg 300w, https:\/\/waeller-vom-birkenhain.de\/wp-content\/uploads\/2017\/02\/Tag55-13-768x514.jpg 768w, https:\/\/waeller-vom-birkenhain.de\/wp-content\/uploads\/2017\/02\/Tag55-13-1024x685.jpg 1024w\" sizes=\"auto, (max-width: 300px) 100vw, 300px\" \/><\/a><\/p>\n<p>&nbsp;<\/p>\n<h4>Jills Nachkommen<\/h4>\n<p>01.08.2021<br \/>\nHeute habe ich mal zusammen gerechnet &#8211; ich wollte wissen, wie viele Nachkommen unsere Jill mittlerweile hat.<br \/>\nEs ist eine stattliche Anzahl, Tendenz weiter steigend.<\/p>\n<p>Sie hat aus ihren vier W\u00fcrfen insgesamt 42 Kinder<br \/>\n&#8211; von ihrer Tochter Nicki-Pepper 21 Enkel in der Zuchtst\u00e4tte &#8222;vom alten Kotten &#8220;<br \/>\n&#8211; von ihrer Tochter Pauli 22 Enkel in meiner Zuchtst\u00e4tte<br \/>\n&#8211; von ihrer Tochter Peaches 13 Enkel in der Zuchtst\u00e4tte &#8222;vom Z\u00fcrisee&#8220;<br \/>\n&#8211; von ihrer Tochter Quba-Nera 17 Enkel in der Zuchtst\u00e4tte &#8222;von der Apfelwiese&#8220;<br \/>\n&#8211; von ihrer Enkelin Ronja (Tochter von Nicki-Pepper) 9 Urenkel in der Zuchtst\u00e4tte\u00a0 \u00a0 &#8222;vom alten Kotten&#8220;<br \/>\n&#8211; von ihrer Enkelin Rosi-Polly (Tochter von Nicki-Pepper) 9 Urenkel in der\u00a0 \u00a0 \u00a0Zuchtst\u00e4tte &#8222;vom Nordwind&#8220;<br \/>\n&#8211; von ihrem Urenkel Vermont(Monty) als Deckr\u00fcde 12 Nachkommen<br \/>\n&#8211; von ihrem Urenkel Trick(Titus) als Deckr\u00fcde 6 Nachkommen<br \/>\n&#8211; von ihrer Urenkelin Verona(Momo) 9 Nachkommen in der Zuchtst\u00e4tte &#8222;vom Greifensee&#8220;<\/p>\n<p>Das sind bisher <strong>160<\/strong>\u00a0Nachkommen<br \/>\n&#8230;\u00a0 und es soll noch weitergehen\u00a0 &#8230;<\/p>\n<p>Ich finde das sind ganz beachtliche Zahlen und bin sehr stolz und gl\u00fccklich \u00fcber diese tolle Entwicklung.<\/p>\n<p>&nbsp;<\/p>\n<p>&nbsp;<\/p>\n<p>&nbsp;<\/p>\n","protected":false},"excerpt":{"rendered":"<p>Wer ist eigentlich Jill? Meine Eltern sind: Gladys von der Villa Gr\u00fcn und Atze von der Villa Kunterbunt wir (meine 5 Geschwister und ich) sind der J-Wurf vom Dallenberg und das bin ich Jill vom Dallenberg geb. am 12.04.2009 in W\u00fcrzburg schwarz mit wei\u00dfen Abzeichen Gr\u00f6\u00dfe 52 cm Gewicht 20 kg HD \u2013 Befund:\u00a0\u00a0 B &hellip; <a href=\"https:\/\/waeller-vom-birkenhain.de\/?page_id=192\" class=\"more-link\"><span class=\"screen-reader-text\">\u00dcber Jill<\/span> weiterlesen<\/a><\/p>\n","protected":false},"author":1,"featured_media":0,"parent":0,"menu_order":0,"comment_status":"closed","ping_status":"open","template":"","meta":{"footnotes":""},"class_list":["post-192","page","type-page","status-publish","hentry"],"_links":{"self":[{"href":"https:\/\/waeller-vom-birkenhain.de\/index.php?rest_route=\/wp\/v2\/pages\/192","targetHints":{"allow":["GET"]}}],"collection":[{"href":"https:\/\/waeller-vom-birkenhain.de\/index.php?rest_route=\/wp\/v2\/pages"}],"about":[{"href":"https:\/\/waeller-vom-birkenhain.de\/index.php?rest_route=\/wp\/v2\/types\/page"}],"author":[{"embeddable":true,"href":"https:\/\/waeller-vom-birkenhain.de\/index.php?rest_route=\/wp\/v2\/users\/1"}],"replies":[{"embeddable":true,"href":"https:\/\/waeller-vom-birkenhain.de\/index.php?rest_route=%2Fwp%2Fv2%2Fcomments&post=192"}],"version-history":[{"count":23,"href":"https:\/\/waeller-vom-birkenhain.de\/index.php?rest_route=\/wp\/v2\/pages\/192\/revisions"}],"predecessor-version":[{"id":4475,"href":"https:\/\/waeller-vom-birkenhain.de\/index.php?rest_route=\/wp\/v2\/pages\/192\/revisions\/4475"}],"wp:attachment":[{"href":"https:\/\/waeller-vom-birkenhain.de\/index.php?rest_route=%2Fwp%2Fv2%2Fmedia&parent=192"}],"curies":[{"name":"wp","href":"https:\/\/api.w.org\/{rel}","templated":true}]}}